{"id":28,"date":"2020-08-20T10:38:35","date_gmt":"2020-08-20T10:38:35","guid":{"rendered":"http:\/\/printcollection.de\/?page_id=28"},"modified":"2020-12-30T11:52:44","modified_gmt":"2020-12-30T11:52:44","slug":"workcollection","status":"publish","type":"page","link":"https:\/\/printcollection.de\/?page_id=28","title":{"rendered":"Workcollection"},"content":{"rendered":"<p><strong>CORPORATE WORKWEAR: Gro\u00dfer Auftritt f\u00fcr Ihre Kunden<\/strong><\/p><strong>\n<\/strong><p><strong><\/strong>Corporate Workwear wirkt seri\u00f6s, modern und zuverl\u00e4ssig und ist die textile Visitenkarte f\u00fcr alle Unternehmen &#8211; insbesondere f\u00fcr Handwerksbetriebe.&nbsp;<\/p>\n<p>Von Kopf bis Fu\u00df das passende Outfit &#8211; in den Farben und mit dem Logo Ihres Kunden. Mit der Corporate Fashion Marke JN ist das ganz einfach umsetzbar!<\/p>\n<p><strong>Die ideale Wahl f\u00fcr die t\u00e4gliche Arbeit in vielen Arbeitssituationen:<\/strong> <\/p>\n<p><strong>1 | SOLID STYLE<\/strong> Einsatzgebiet: (KfZ-)Werkst\u00e4tten, Facility Management, Mechaniker, Lagerlogistik, Elektriker, Laborant, Ingenieur, Pr\u00fcfwesen <\/p>\n<p><strong>2 | COLOR STYLE<\/strong> Einsatzgebiet: Restaurateur, Schreiner, Montage von hochwertigen Objekten (M\u00f6beln, etc.), G\u00e4rtner, F\u00f6rster, Geb\u00e4udereinigung <\/p>\n<p><strong>3 | STRONG STYLE<\/strong> Einsatzgebiet: Baugewerbe, Maurer, Stuckateur, Gipser, Maler, Stra\u00dfen- und Tiefbau, Stahlbau, Bodenleger, Dachdecker, Klempner<\/p>\n\n\n<p><strong>4 | Essential STYLE<\/strong> Einsatzgebiet: mit allen Styles kombinierbar -Young and Fashion &#8211; Workwear<\/p>\n\n\n\n<p>zum Shop <a href=\"https:\/\/shop.chefcollection.com\/work-collection\/\" data-type=\"URL\" data-id=\"https:\/\/shop.chefcollection.com\/work-collection\/\">https:\/\/shop.chefcollection.com\/work-collection\/<\/a><\/p>\n","protected":false},"excerpt":{"rendered":"<p>CORPORATE WORKWEAR: Gro\u00dfer Auftritt f\u00fcr Ihre Kunden Corporate Workwear wirkt seri\u00f6s, modern und zuverl\u00e4ssig und ist die textile Visitenkarte f\u00fcr alle Unternehmen &#8211; insbesondere f\u00fcr Handwerksbetriebe.&nbsp; Von Kopf bis Fu\u00df das passende Outfit &#8211; in den Farben und mit dem Logo Ihres Kunden. Mit der Corporate Fashion Marke JN ist das ganz einfach umsetzbar! Die&#8230; <\/p>\n<div class=\"link-more\"><a href=\"https:\/\/printcollection.de\/?page_id=28\">Weiterlesen<\/a><\/div>\n","protected":false},"author":1,"featured_media":102,"parent":0,"menu_order":0,"comment_status":"closed","ping_status":"closed","template":"","meta":{"footnotes":""},"class_list":["post-28","page","type-page","status-publish","has-post-thumbnail","hentry"],"_links":{"self":[{"href":"https:\/\/printcollection.de\/index.php?rest_route=\/wp\/v2\/pages\/28","targetHints":{"allow":["GET"]}}],"collection":[{"href":"https:\/\/printcollection.de\/index.php?rest_route=\/wp\/v2\/pages"}],"about":[{"href":"https:\/\/printcollection.de\/index.php?rest_route=\/wp\/v2\/types\/page"}],"author":[{"embeddable":true,"href":"https:\/\/printcollection.de\/index.php?rest_route=\/wp\/v2\/users\/1"}],"replies":[{"embeddable":true,"href":"https:\/\/printcollection.de\/index.php?rest_route=%2Fwp%2Fv2%2Fcomments&post=28"}],"version-history":[{"count":8,"href":"https:\/\/printcollection.de\/index.php?rest_route=\/wp\/v2\/pages\/28\/revisions"}],"predecessor-version":[{"id":103,"href":"https:\/\/printcollection.de\/index.php?rest_route=\/wp\/v2\/pages\/28\/revisions\/103"}],"wp:featuredmedia":[{"embeddable":true,"href":"https:\/\/printcollection.de\/index.php?rest_route=\/wp\/v2\/media\/102"}],"wp:attachment":[{"href":"https:\/\/printcollection.de\/index.php?rest_route=%2Fwp%2Fv2%2Fmedia&parent=28"}],"curies":[{"name":"wp","href":"https:\/\/api.w.org\/{rel}","templated":true}]}}